{"id":1330,"date":"2021-05-13T16:24:40","date_gmt":"2021-05-13T15:24:40","guid":{"rendered":"https:\/\/adlbiopharma.com\/notas-de-prensa\/"},"modified":"2021-07-13T12:24:04","modified_gmt":"2021-07-13T11:24:04","slug":"notas-de-prensa","status":"publish","type":"page","link":"https:\/\/adlbiopharma.com\/es\/notas-de-prensa\/","title":{"rendered":"Notas de prensa"},"content":{"rendered":"<p>[et_pb_section fb_built=\u00bb1&#8243; next_background_color=\u00bb#ffffff\u00bb admin_label=\u00bbHeader\u00bb _builder_version=\u00bb4.9.3&#8243; background_enable_color=\u00bboff\u00bb use_background_color_gradient=\u00bbon\u00bb background_color_gradient_start=\u00bb#93c027&#8243; background_color_gradient_end=\u00bb#009fb4&#8243; background_color_gradient_direction=\u00bb140deg\u00bb background_image=\u00bbhttps:\/\/adlbiopharma.com\/wp-content\/uploads\/2021\/05\/press_release_515324743.png\u00bb background_blend=\u00bbmultiply\u00bb custom_margin=\u00bb||||false\u00bb custom_padding=\u00bb6vw||6vw||true|false\u00bb bottom_divider_style=\u00bbcurve\u00bb bottom_divider_height=\u00bb6vw\u00bb][et_pb_row _builder_version=\u00bb4.9.3&#8243; background_enable_image=\u00bboff\u00bb background_size=\u00bbcontain\u00bb animation_style=\u00bbzoom\u00bb animation_intensity_zoom=\u00bb10%\u00bb][et_pb_column type=\u00bb4_4&#8243; _builder_version=\u00bb3.25&#8243; custom_padding=\u00bb|||\u00bb custom_padding__hover=\u00bb|||\u00bb][et_pb_text _builder_version=\u00bb4.9.3&#8243; text_font=\u00bb|||on|||||\u00bb text_text_color=\u00bb#ffffff\u00bb text_font_size=\u00bb14px\u00bb header_font=\u00bb|500|||||||\u00bb header_2_font=\u00bb||||||||\u00bb text_orientation=\u00bbcenter\u00bb background_layout=\u00bbdark\u00bb header_font_size_tablet=\u00bb\u00bb header_font_size_phone=\u00bb\u00bb header_font_size_last_edited=\u00bbon|phone\u00bb header_2_font_size_tablet=\u00bb50px\u00bb header_2_font_size_phone=\u00bb30px\u00bb header_2_font_size_last_edited=\u00bbon|desktop\u00bb]<\/p>\n<h1>Notas de prensa<\/h1>\n<p>[\/et_pb_text][\/et_pb_column][\/et_pb_row][\/et_pb_section][et_pb_section fb_built=\u00bb1&#8243; admin_label=\u00bbblog\u00bb _builder_version=\u00bb4.9.3&#8243;][et_pb_row _builder_version=\u00bb3.25&#8243;][et_pb_column type=\u00bb4_4&#8243; _builder_version=\u00bb3.25&#8243; custom_padding=\u00bb|||\u00bb custom_padding__hover=\u00bb|||\u00bb][et_pb_text _builder_version=\u00bb4.9.3&#8243; _module_preset=\u00bbdefault\u00bb]<\/p>\n<h3 style=\"text-align: center; color: #3c9b52;\">Informaci\u00f3n de primera mano, exhaustiva y rigurosa, sobre nuestra compa\u00f1\u00eda<\/h3>\n<p>[\/et_pb_text][et_pb_blog fullwidth=\u00bboff\u00bb posts_number=\u00bb16&#8243; include_categories=\u00bb13&#8243; meta_date=\u00bbj M Y\u00bb show_more=\u00bbon\u00bb show_author=\u00bboff\u00bb show_categories=\u00bboff\u00bb _builder_version=\u00bb4.9.3&#8243; _module_preset=\u00bbdefault\u00bb meta_font=\u00bb|600|||||||\u00bb meta_font_size=\u00bb12px\u00bb hover_enabled=\u00bb0&#8243; sticky_enabled=\u00bb0&#8243;][\/et_pb_blog][\/et_pb_column][\/et_pb_row][\/et_pb_section]<\/p>\n","protected":false},"excerpt":{"rendered":"<p>Notas de prensaInformaci\u00f3n de primera mano, exhaustiva y rigurosa, sobre nuestra compa\u00f1\u00eda<\/p>\n","protected":false},"author":5,"featured_media":0,"parent":0,"menu_order":0,"comment_status":"closed","ping_status":"closed","template":"","meta":{"_et_pb_use_builder":"on","_et_pb_old_content":"","_et_gb_content_width":"","footnotes":""},"class_list":["post-1330","page","type-page","status-publish","hentry"],"yoast_head":"<!-- This site is optimized with the Yoast SEO plugin v25.6 - https:\/\/yoast.com\/wordpress\/plugins\/seo\/ -->\n<title>Notas de prensa - ADL Biopharma<\/title>\n<meta name=\"robots\" content=\"index, follow, max-snippet:-1, max-image-preview:large, max-video-preview:-1\" \/>\n<link rel=\"canonical\" href=\"https:\/\/adlbiopharma.com\/es\/notas-de-prensa\/\" \/>\n<meta property=\"og:locale\" content=\"es_ES\" \/>\n<meta property=\"og:type\" content=\"article\" \/>\n<meta property=\"og:title\" content=\"Notas de prensa - ADL Biopharma\" \/>\n<meta property=\"og:description\" content=\"Notas de prensaInformaci\u00f3n de primera mano, exhaustiva y rigurosa, sobre nuestra compa\u00f1\u00eda\" \/>\n<meta property=\"og:url\" content=\"https:\/\/adlbiopharma.com\/es\/notas-de-prensa\/\" \/>\n<meta property=\"og:site_name\" content=\"ADL Biopharma\" \/>\n<meta property=\"article:modified_time\" content=\"2021-07-13T11:24:04+00:00\" \/>\n<meta name=\"twitter:card\" content=\"summary_large_image\" \/>\n<meta name=\"twitter:label1\" content=\"Tiempo de lectura\" \/>\n\t<meta name=\"twitter:data1\" content=\"1 minuto\" \/>\n<script type=\"application\/ld+json\" class=\"yoast-schema-graph\">{\"@context\":\"https:\/\/schema.org\",\"@graph\":[{\"@type\":\"WebPage\",\"@id\":\"https:\/\/adlbiopharma.com\/es\/notas-de-prensa\/\",\"url\":\"https:\/\/adlbiopharma.com\/es\/notas-de-prensa\/\",\"name\":\"Notas de prensa - ADL Biopharma\",\"isPartOf\":{\"@id\":\"https:\/\/adlbiopharma.com\/#website\"},\"datePublished\":\"2021-05-13T15:24:40+00:00\",\"dateModified\":\"2021-07-13T11:24:04+00:00\",\"breadcrumb\":{\"@id\":\"https:\/\/adlbiopharma.com\/es\/notas-de-prensa\/#breadcrumb\"},\"inLanguage\":\"es\",\"potentialAction\":[{\"@type\":\"ReadAction\",\"target\":[\"https:\/\/adlbiopharma.com\/es\/notas-de-prensa\/\"]}]},{\"@type\":\"BreadcrumbList\",\"@id\":\"https:\/\/adlbiopharma.com\/es\/notas-de-prensa\/#breadcrumb\",\"itemListElement\":[{\"@type\":\"ListItem\",\"position\":1,\"name\":\"Home\",\"item\":\"https:\/\/adlbiopharma.com\/es\/\"},{\"@type\":\"ListItem\",\"position\":2,\"name\":\"Notas de prensa\"}]},{\"@type\":\"WebSite\",\"@id\":\"https:\/\/adlbiopharma.com\/#website\",\"url\":\"https:\/\/adlbiopharma.com\/\",\"name\":\"ADL Biopharma\",\"description\":\"Antibi\u00f3ticos de Le\u00f3n\",\"potentialAction\":[{\"@type\":\"SearchAction\",\"target\":{\"@type\":\"EntryPoint\",\"urlTemplate\":\"https:\/\/adlbiopharma.com\/?s={search_term_string}\"},\"query-input\":{\"@type\":\"PropertyValueSpecification\",\"valueRequired\":true,\"valueName\":\"search_term_string\"}}],\"inLanguage\":\"es\"}]}<\/script>\n<!-- \/ Yoast SEO plugin. -->","yoast_head_json":{"title":"Notas de prensa - ADL Biopharma","robots":{"index":"index","follow":"follow","max-snippet":"max-snippet:-1","max-image-preview":"max-image-preview:large","max-video-preview":"max-video-preview:-1"},"canonical":"https:\/\/adlbiopharma.com\/es\/notas-de-prensa\/","og_locale":"es_ES","og_type":"article","og_title":"Notas de prensa - ADL Biopharma","og_description":"Notas de prensaInformaci\u00f3n de primera mano, exhaustiva y rigurosa, sobre nuestra compa\u00f1\u00eda","og_url":"https:\/\/adlbiopharma.com\/es\/notas-de-prensa\/","og_site_name":"ADL Biopharma","article_modified_time":"2021-07-13T11:24:04+00:00","twitter_card":"summary_large_image","twitter_misc":{"Tiempo de lectura":"1 minuto"},"schema":{"@context":"https:\/\/schema.org","@graph":[{"@type":"WebPage","@id":"https:\/\/adlbiopharma.com\/es\/notas-de-prensa\/","url":"https:\/\/adlbiopharma.com\/es\/notas-de-prensa\/","name":"Notas de prensa - ADL Biopharma","isPartOf":{"@id":"https:\/\/adlbiopharma.com\/#website"},"datePublished":"2021-05-13T15:24:40+00:00","dateModified":"2021-07-13T11:24:04+00:00","breadcrumb":{"@id":"https:\/\/adlbiopharma.com\/es\/notas-de-prensa\/#breadcrumb"},"inLanguage":"es","potentialAction":[{"@type":"ReadAction","target":["https:\/\/adlbiopharma.com\/es\/notas-de-prensa\/"]}]},{"@type":"BreadcrumbList","@id":"https:\/\/adlbiopharma.com\/es\/notas-de-prensa\/#breadcrumb","itemListElement":[{"@type":"ListItem","position":1,"name":"Home","item":"https:\/\/adlbiopharma.com\/es\/"},{"@type":"ListItem","position":2,"name":"Notas de prensa"}]},{"@type":"WebSite","@id":"https:\/\/adlbiopharma.com\/#website","url":"https:\/\/adlbiopharma.com\/","name":"ADL Biopharma","description":"Antibi\u00f3ticos de Le\u00f3n","potentialAction":[{"@type":"SearchAction","target":{"@type":"EntryPoint","urlTemplate":"https:\/\/adlbiopharma.com\/?s={search_term_string}"},"query-input":{"@type":"PropertyValueSpecification","valueRequired":true,"valueName":"search_term_string"}}],"inLanguage":"es"}]}},"_links":{"self":[{"href":"https:\/\/adlbiopharma.com\/es\/wp-json\/wp\/v2\/pages\/1330","targetHints":{"allow":["GET"]}}],"collection":[{"href":"https:\/\/adlbiopharma.com\/es\/wp-json\/wp\/v2\/pages"}],"about":[{"href":"https:\/\/adlbiopharma.com\/es\/wp-json\/wp\/v2\/types\/page"}],"author":[{"embeddable":true,"href":"https:\/\/adlbiopharma.com\/es\/wp-json\/wp\/v2\/users\/5"}],"replies":[{"embeddable":true,"href":"https:\/\/adlbiopharma.com\/es\/wp-json\/wp\/v2\/comments?post=1330"}],"version-history":[{"count":6,"href":"https:\/\/adlbiopharma.com\/es\/wp-json\/wp\/v2\/pages\/1330\/revisions"}],"predecessor-version":[{"id":2006,"href":"https:\/\/adlbiopharma.com\/es\/wp-json\/wp\/v2\/pages\/1330\/revisions\/2006"}],"wp:attachment":[{"href":"https:\/\/adlbiopharma.com\/es\/wp-json\/wp\/v2\/media?parent=1330"}],"curies":[{"name":"wp","href":"https:\/\/api.w.org\/{rel}","templated":true}]}}