{"id":2126,"date":"2021-07-21T12:35:30","date_gmt":"2021-07-21T11:35:30","guid":{"rendered":"https:\/\/adlbiopharma.com\/?page_id=2126"},"modified":"2021-10-22T11:08:21","modified_gmt":"2021-10-22T10:08:21","slug":"partners-en-innovacion","status":"publish","type":"page","link":"https:\/\/adlbiopharma.com\/es\/partners-en-innovacion\/","title":{"rendered":"Partners en innovaci\u00f3n"},"content":{"rendered":"<p>[et_pb_section fb_built=\u00bb1&#8243; next_background_color=\u00bb#ffffff\u00bb admin_label=\u00bbHeader\u00bb _builder_version=\u00bb4.9.3&#8243; background_enable_color=\u00bboff\u00bb use_background_color_gradient=\u00bbon\u00bb background_color_gradient_start=\u00bb#93c027&#8243; background_color_gradient_end=\u00bb#009fb4&#8243; background_color_gradient_direction=\u00bb140deg\u00bb background_image=\u00bbhttps:\/\/adlbiopharma.com\/wp-content\/uploads\/2021\/07\/partners_cabeceras.png\u00bb background_blend=\u00bbmultiply\u00bb custom_margin=\u00bb||||false\u00bb custom_padding=\u00bb6vw||6vw||true|false\u00bb bottom_divider_style=\u00bbcurve\u00bb bottom_divider_height=\u00bb6vw\u00bb][et_pb_row _builder_version=\u00bb4.9.3&#8243; background_enable_image=\u00bboff\u00bb background_size=\u00bbcontain\u00bb animation_style=\u00bbzoom\u00bb animation_intensity_zoom=\u00bb10%\u00bb][et_pb_column type=\u00bb4_4&#8243; _builder_version=\u00bb3.25&#8243; custom_padding=\u00bb|||\u00bb custom_padding__hover=\u00bb|||\u00bb][et_pb_text _builder_version=\u00bb4.9.3&#8243; text_font=\u00bb|||on|||||\u00bb text_text_color=\u00bb#ffffff\u00bb text_font_size=\u00bb14px\u00bb header_font=\u00bb|500|||||||\u00bb header_2_font=\u00bb||||||||\u00bb text_orientation=\u00bbcenter\u00bb background_layout=\u00bbdark\u00bb header_font_size_tablet=\u00bb\u00bb header_font_size_phone=\u00bb\u00bb header_font_size_last_edited=\u00bbon|phone\u00bb header_2_font_size_tablet=\u00bb50px\u00bb header_2_font_size_phone=\u00bb30px\u00bb header_2_font_size_last_edited=\u00bbon|desktop\u00bb]<\/p>\n<h1>Partners en innovaci\u00f3n<\/h1>\n<p>[\/et_pb_text][\/et_pb_column][\/et_pb_row][\/et_pb_section][et_pb_section fb_built=\u00bb1&#8243; admin_label=\u00bbcontenido\u00bb _builder_version=\u00bb4.9.3&#8243;][et_pb_row column_structure=\u00bb1_2,1_2&#8243; _builder_version=\u00bb3.25&#8243;][et_pb_column type=\u00bb1_2&#8243; _builder_version=\u00bb3.25&#8243; custom_padding=\u00bb|||\u00bb custom_padding__hover=\u00bb|||\u00bb][et_pb_text _builder_version=\u00bb4.9.3&#8243; _module_preset=\u00bbdefault\u00bb hover_enabled=\u00bb0&#8243; sticky_enabled=\u00bb0&#8243;]<\/p>\n<p>En ADL BioPharma tenemos un compromiso: EL DE ACOMPA\u00d1AR a las compa\u00f1\u00edas biotecnol\u00f3gicas y farmac\u00e9uticas que desarrollan productos para el bienestar de las personas.<\/p>\n<p>Nuestro objetivo es ayudar a todos nuestros clientes a cumplir con su misi\u00f3n empresarial \u2013aportando bienestar a las personas\u2013 de una forma sostenible.\u00a0<\/p>\n<p>Aceptamos el reto de sentarnos al lado del cliente, en el asiento del copiloto, compartiendo los riesgos mientras le indicamos la ruta y la mejor manera de conducirse durante todo el lleno de obst\u00e1culos, aportando las soluciones precisas en cada tramo de la ruta, en cada curva para, finalmente, llegar a la meta y poder disfrutar del \u00e9xito alcanzado.<\/p>\n<p>Este es el compromiso que adoptamos con quienes quieran llevar el BIENESTAR a trav\u00e9s de sus productos tan lejos o tan cerca como sea necesario, con una capacidad de producci\u00f3n flexible, adaptada para afrontar tanto retos de fabricaci\u00f3n masiva a nivel global como demandas espec\u00edficas a menor escala.<\/p>\n<p>ADL se convierte as\u00ed en gran aliado y socio estrat\u00e9gico de todas aquellas empresas biotecnol\u00f3gicas y farmace\u00faticas que trabajan con la ilusi\u00f3n y coraje necesarios para acercar el bienestar de las personas a todos los rincones del planeta.<\/p>\n<p>[\/et_pb_text][\/et_pb_column][et_pb_column type=\u00bb1_2&#8243; _builder_version=\u00bb3.25&#8243; custom_padding=\u00bb|||\u00bb custom_padding__hover=\u00bb|||\u00bb][et_pb_image src=\u00bbhttps:\/\/adlbiopharma.com\/wp-content\/uploads\/2021\/07\/partners1.png\u00bb title_text=\u00bbpartners1&#8243; _builder_version=\u00bb4.9.3&#8243; _module_preset=\u00bbdefault\u00bb border_radii=\u00bbon|10px|10px|10px|10px\u00bb][\/et_pb_image][\/et_pb_column][\/et_pb_row][et_pb_row column_structure=\u00bb1_3,1_3,1_3&#8243; use_custom_gutter=\u00bbon\u00bb gutter_width=\u00bb4&#8243; disabled_on=\u00bbon|on|on\u00bb _builder_version=\u00bb4.9.3&#8243; custom_margin=\u00bb20px||60px||false|false\u00bb disabled=\u00bbon\u00bb][et_pb_column type=\u00bb1_3&#8243; _builder_version=\u00bb4.9.3&#8243; custom_padding=\u00bb|||\u00bb custom_padding__hover=\u00bb|||\u00bb][et_pb_text _builder_version=\u00bb4.9.3&#8243; _module_preset=\u00bbdefault\u00bb custom_padding=\u00bb35px|35px|35px|35px|false|false\u00bb animation_style=\u00bbzoom\u00bb animation_intensity_zoom=\u00bb10%\u00bb border_radii=\u00bbon|10px|10px|10px|10px\u00bb box_shadow_style=\u00bbpreset1&#8243; box_shadow_vertical=\u00bb10px\u00bb box_shadow_blur=\u00bb60px\u00bb box_shadow_color=\u00bbrgba(1,33,92,0.1)\u00bb]<\/p>\n<p><strong>Pretreatment system<\/strong> with homogenization, neutralization and physical separation by sedimentation.<\/p>\n<p>[\/et_pb_text][\/et_pb_column][et_pb_column type=\u00bb1_3&#8243; _builder_version=\u00bb4.9.3&#8243; custom_padding=\u00bb0px||||false|false\u00bb custom_padding_tablet=\u00bb0px|||\u00bb custom_padding_last_edited=\u00bboff|desktop\u00bb custom_padding__hover=\u00bb|||\u00bb][et_pb_text _builder_version=\u00bb4.9.3&#8243; _module_preset=\u00bbdefault\u00bb custom_padding=\u00bb35px|35px|35px|35px|false|false\u00bb animation_style=\u00bbzoom\u00bb animation_intensity_zoom=\u00bb10%\u00bb border_radii=\u00bbon|10px|10px|10px|10px\u00bb box_shadow_style=\u00bbpreset1&#8243; box_shadow_vertical=\u00bb10px\u00bb box_shadow_blur=\u00bb60px\u00bb box_shadow_color=\u00bbrgba(1,33,92,0.1)\u00bb]<\/p>\n<p><strong>Biological treatment<\/strong> by activated sludge, with anoxic selector and nitrogen removal treatment (nitrification\/denitrification).<\/p>\n<p>[\/et_pb_text][\/et_pb_column][et_pb_column type=\u00bb1_3&#8243; _builder_version=\u00bb4.9.3&#8243; custom_padding=\u00bb||||false|false\u00bb custom_padding_tablet=\u00bb0px|||\u00bb custom_padding_last_edited=\u00bboff|desktop\u00bb custom_padding__hover=\u00bb|||\u00bb][et_pb_text _builder_version=\u00bb4.9.3&#8243; _module_preset=\u00bbdefault\u00bb custom_padding=\u00bb35px|35px|35px|35px|false|false\u00bb animation_style=\u00bbzoom\u00bb animation_intensity_zoom=\u00bb10%\u00bb border_radii=\u00bbon|10px|10px|10px|10px\u00bb box_shadow_style=\u00bbpreset1&#8243; box_shadow_vertical=\u00bb10px\u00bb box_shadow_blur=\u00bb60px\u00bb box_shadow_color=\u00bbrgba(1,33,92,0.1)\u00bb]<\/p>\n<p><strong>Elimination of phosphorus<\/strong> by chemical precipitation and final elimination of solids by sedimentation.<\/p>\n<p>[\/et_pb_text][\/et_pb_column][\/et_pb_row][\/et_pb_section]<\/p>\n","protected":false},"excerpt":{"rendered":"<p>Partners en innovaci\u00f3nEn ADL BioPharma tenemos un compromiso: EL DE ACOMPA\u00d1AR a las compa\u00f1\u00edas biotecnol\u00f3gicas y farmac\u00e9uticas que desarrollan productos para el bienestar de las personas. Nuestro objetivo es ayudar a todos nuestros clientes a cumplir con su misi\u00f3n empresarial \u2013aportando bienestar a las personas\u2013 de una forma sostenible.\u00a0 Aceptamos el reto de sentarnos al [&hellip;]<\/p>\n","protected":false},"author":5,"featured_media":0,"parent":0,"menu_order":0,"comment_status":"closed","ping_status":"closed","template":"","meta":{"_et_pb_use_builder":"on","_et_pb_old_content":"","_et_gb_content_width":"","footnotes":""},"class_list":["post-2126","page","type-page","status-publish","hentry"],"yoast_head":"<!-- This site is optimized with the Yoast SEO plugin v25.6 - https:\/\/yoast.com\/wordpress\/plugins\/seo\/ -->\n<title>Partners en innovaci\u00f3n - ADL Biopharma<\/title>\n<meta name=\"robots\" content=\"index, follow, max-snippet:-1, max-image-preview:large, max-video-preview:-1\" \/>\n<link rel=\"canonical\" href=\"https:\/\/adlbiopharma.com\/es\/partners-en-innovacion\/\" \/>\n<meta property=\"og:locale\" content=\"es_ES\" \/>\n<meta property=\"og:type\" content=\"article\" \/>\n<meta property=\"og:title\" content=\"Partners en innovaci\u00f3n - ADL Biopharma\" \/>\n<meta property=\"og:description\" content=\"Partners en innovaci\u00f3nEn ADL BioPharma tenemos un compromiso: EL DE ACOMPA\u00d1AR a las compa\u00f1\u00edas biotecnol\u00f3gicas y farmac\u00e9uticas que desarrollan productos para el bienestar de las personas. Nuestro objetivo es ayudar a todos nuestros clientes a cumplir con su misi\u00f3n empresarial \u2013aportando bienestar a las personas\u2013 de una forma sostenible.\u00a0 Aceptamos el reto de sentarnos al [&hellip;]\" \/>\n<meta property=\"og:url\" content=\"https:\/\/adlbiopharma.com\/es\/partners-en-innovacion\/\" \/>\n<meta property=\"og:site_name\" content=\"ADL Biopharma\" \/>\n<meta property=\"article:modified_time\" content=\"2021-10-22T10:08:21+00:00\" \/>\n<meta name=\"twitter:card\" content=\"summary_large_image\" \/>\n<meta name=\"twitter:label1\" content=\"Tiempo de lectura\" \/>\n\t<meta name=\"twitter:data1\" content=\"2 minutos\" \/>\n<script type=\"application\/ld+json\" class=\"yoast-schema-graph\">{\"@context\":\"https:\/\/schema.org\",\"@graph\":[{\"@type\":\"WebPage\",\"@id\":\"https:\/\/adlbiopharma.com\/es\/partners-en-innovacion\/\",\"url\":\"https:\/\/adlbiopharma.com\/es\/partners-en-innovacion\/\",\"name\":\"Partners en innovaci\u00f3n - ADL Biopharma\",\"isPartOf\":{\"@id\":\"https:\/\/adlbiopharma.com\/#website\"},\"datePublished\":\"2021-07-21T11:35:30+00:00\",\"dateModified\":\"2021-10-22T10:08:21+00:00\",\"breadcrumb\":{\"@id\":\"https:\/\/adlbiopharma.com\/es\/partners-en-innovacion\/#breadcrumb\"},\"inLanguage\":\"es\",\"potentialAction\":[{\"@type\":\"ReadAction\",\"target\":[\"https:\/\/adlbiopharma.com\/es\/partners-en-innovacion\/\"]}]},{\"@type\":\"BreadcrumbList\",\"@id\":\"https:\/\/adlbiopharma.com\/es\/partners-en-innovacion\/#breadcrumb\",\"itemListElement\":[{\"@type\":\"ListItem\",\"position\":1,\"name\":\"Home\",\"item\":\"https:\/\/adlbiopharma.com\/es\/\"},{\"@type\":\"ListItem\",\"position\":2,\"name\":\"Partners en innovaci\u00f3n\"}]},{\"@type\":\"WebSite\",\"@id\":\"https:\/\/adlbiopharma.com\/#website\",\"url\":\"https:\/\/adlbiopharma.com\/\",\"name\":\"ADL Biopharma\",\"description\":\"Antibi\u00f3ticos de Le\u00f3n\",\"potentialAction\":[{\"@type\":\"SearchAction\",\"target\":{\"@type\":\"EntryPoint\",\"urlTemplate\":\"https:\/\/adlbiopharma.com\/?s={search_term_string}\"},\"query-input\":{\"@type\":\"PropertyValueSpecification\",\"valueRequired\":true,\"valueName\":\"search_term_string\"}}],\"inLanguage\":\"es\"}]}<\/script>\n<!-- \/ Yoast SEO plugin. -->","yoast_head_json":{"title":"Partners en innovaci\u00f3n - ADL Biopharma","robots":{"index":"index","follow":"follow","max-snippet":"max-snippet:-1","max-image-preview":"max-image-preview:large","max-video-preview":"max-video-preview:-1"},"canonical":"https:\/\/adlbiopharma.com\/es\/partners-en-innovacion\/","og_locale":"es_ES","og_type":"article","og_title":"Partners en innovaci\u00f3n - ADL Biopharma","og_description":"Partners en innovaci\u00f3nEn ADL BioPharma tenemos un compromiso: EL DE ACOMPA\u00d1AR a las compa\u00f1\u00edas biotecnol\u00f3gicas y farmac\u00e9uticas que desarrollan productos para el bienestar de las personas. Nuestro objetivo es ayudar a todos nuestros clientes a cumplir con su misi\u00f3n empresarial \u2013aportando bienestar a las personas\u2013 de una forma sostenible.\u00a0 Aceptamos el reto de sentarnos al [&hellip;]","og_url":"https:\/\/adlbiopharma.com\/es\/partners-en-innovacion\/","og_site_name":"ADL Biopharma","article_modified_time":"2021-10-22T10:08:21+00:00","twitter_card":"summary_large_image","twitter_misc":{"Tiempo de lectura":"2 minutos"},"schema":{"@context":"https:\/\/schema.org","@graph":[{"@type":"WebPage","@id":"https:\/\/adlbiopharma.com\/es\/partners-en-innovacion\/","url":"https:\/\/adlbiopharma.com\/es\/partners-en-innovacion\/","name":"Partners en innovaci\u00f3n - ADL Biopharma","isPartOf":{"@id":"https:\/\/adlbiopharma.com\/#website"},"datePublished":"2021-07-21T11:35:30+00:00","dateModified":"2021-10-22T10:08:21+00:00","breadcrumb":{"@id":"https:\/\/adlbiopharma.com\/es\/partners-en-innovacion\/#breadcrumb"},"inLanguage":"es","potentialAction":[{"@type":"ReadAction","target":["https:\/\/adlbiopharma.com\/es\/partners-en-innovacion\/"]}]},{"@type":"BreadcrumbList","@id":"https:\/\/adlbiopharma.com\/es\/partners-en-innovacion\/#breadcrumb","itemListElement":[{"@type":"ListItem","position":1,"name":"Home","item":"https:\/\/adlbiopharma.com\/es\/"},{"@type":"ListItem","position":2,"name":"Partners en innovaci\u00f3n"}]},{"@type":"WebSite","@id":"https:\/\/adlbiopharma.com\/#website","url":"https:\/\/adlbiopharma.com\/","name":"ADL Biopharma","description":"Antibi\u00f3ticos de Le\u00f3n","potentialAction":[{"@type":"SearchAction","target":{"@type":"EntryPoint","urlTemplate":"https:\/\/adlbiopharma.com\/?s={search_term_string}"},"query-input":{"@type":"PropertyValueSpecification","valueRequired":true,"valueName":"search_term_string"}}],"inLanguage":"es"}]}},"_links":{"self":[{"href":"https:\/\/adlbiopharma.com\/es\/wp-json\/wp\/v2\/pages\/2126","targetHints":{"allow":["GET"]}}],"collection":[{"href":"https:\/\/adlbiopharma.com\/es\/wp-json\/wp\/v2\/pages"}],"about":[{"href":"https:\/\/adlbiopharma.com\/es\/wp-json\/wp\/v2\/types\/page"}],"author":[{"embeddable":true,"href":"https:\/\/adlbiopharma.com\/es\/wp-json\/wp\/v2\/users\/5"}],"replies":[{"embeddable":true,"href":"https:\/\/adlbiopharma.com\/es\/wp-json\/wp\/v2\/comments?post=2126"}],"version-history":[{"count":4,"href":"https:\/\/adlbiopharma.com\/es\/wp-json\/wp\/v2\/pages\/2126\/revisions"}],"predecessor-version":[{"id":2470,"href":"https:\/\/adlbiopharma.com\/es\/wp-json\/wp\/v2\/pages\/2126\/revisions\/2470"}],"wp:attachment":[{"href":"https:\/\/adlbiopharma.com\/es\/wp-json\/wp\/v2\/media?parent=2126"}],"curies":[{"name":"wp","href":"https:\/\/api.w.org\/{rel}","templated":true}]}}