{"id":2143,"date":"2021-07-21T13:03:16","date_gmt":"2021-07-21T12:03:16","guid":{"rendered":"https:\/\/adlbiopharma.com\/?page_id=2143"},"modified":"2022-12-12T17:34:17","modified_gmt":"2022-12-12T16:34:17","slug":"compromiso-sostenibilidad-economica","status":"publish","type":"page","link":"https:\/\/adlbiopharma.com\/es\/compromiso-sostenibilidad-economica\/","title":{"rendered":"Compromiso &#8211; sostenibilidad econ\u00f3mica"},"content":{"rendered":"<p>[et_pb_section fb_built=\u00bb1&#8243; next_background_color=\u00bb#ffffff\u00bb admin_label=\u00bbHeader\u00bb _builder_version=\u00bb4.16&#8243; background_enable_color=\u00bboff\u00bb use_background_color_gradient=\u00bbon\u00bb background_color_gradient_direction=\u00bb140deg\u00bb background_color_gradient_stops=\u00bb#93c027 0%|#009fb4 100%\u00bb background_color_gradient_start=\u00bb#93c027&#8243; background_color_gradient_end=\u00bb#009fb4&#8243; background_image=\u00bbhttps:\/\/adlbiopharma.com\/wp-content\/uploads\/2021\/07\/compromiso_cabeceras.png\u00bb background_blend=\u00bbmultiply\u00bb custom_margin=\u00bb||||false\u00bb custom_padding=\u00bb6vw||6vw||true|false\u00bb bottom_divider_style=\u00bbcurve\u00bb bottom_divider_height=\u00bb6vw\u00bb global_colors_info=\u00bb{}\u00bb][et_pb_row _builder_version=\u00bb4.16&#8243; background_enable_image=\u00bboff\u00bb background_size=\u00bbcontain\u00bb animation_style=\u00bbzoom\u00bb animation_intensity_zoom=\u00bb10%\u00bb global_colors_info=\u00bb{}\u00bb][et_pb_column type=\u00bb4_4&#8243; _builder_version=\u00bb4.16&#8243; custom_padding=\u00bb|||\u00bb global_colors_info=\u00bb{}\u00bb custom_padding__hover=\u00bb|||\u00bb][et_pb_text _builder_version=\u00bb4.16&#8243; text_font=\u00bb|||on|||||\u00bb text_text_color=\u00bb#ffffff\u00bb text_font_size=\u00bb14px\u00bb header_font=\u00bb|500|||||||\u00bb header_2_font=\u00bb||||||||\u00bb text_orientation=\u00bbcenter\u00bb background_layout=\u00bbdark\u00bb header_font_size_tablet=\u00bb\u00bb header_font_size_phone=\u00bb\u00bb header_font_size_last_edited=\u00bbon|phone\u00bb header_2_font_size_tablet=\u00bb50px\u00bb header_2_font_size_phone=\u00bb30px\u00bb header_2_font_size_last_edited=\u00bbon|desktop\u00bb global_colors_info=\u00bb{}\u00bb]<\/p>\n<h1>Compromiso &#8211; sostenibilidad econ\u00f3mica<\/h1>\n<p>[\/et_pb_text][\/et_pb_column][\/et_pb_row][\/et_pb_section][et_pb_section fb_built=\u00bb1&#8243; admin_label=\u00bbcontenido\u00bb _builder_version=\u00bb4.16&#8243; background_enable_image=\u00bboff\u00bb global_colors_info=\u00bb{}\u00bb][et_pb_row _builder_version=\u00bb4.16&#8243; global_colors_info=\u00bb{}\u00bb][et_pb_column type=\u00bb4_4&#8243; _builder_version=\u00bb4.16&#8243; custom_padding=\u00bb|||\u00bb global_colors_info=\u00bb{}\u00bb custom_padding__hover=\u00bb|||\u00bb][et_pb_text _builder_version=\u00bb4.16&#8243; _module_preset=\u00bbdefault\u00bb global_colors_info=\u00bb{}\u00bb]<\/p>\n<p>Como instalaci\u00f3n de fermentaci\u00f3n multiproducto, la sinergia con nuestros socios nos permite optimizar al m\u00e1ximo nuestros costes de producci\u00f3n, ofreciendo no solo altos est\u00e1ndares de calidad y compromiso, sino tambi\u00e9n ventajas econ\u00f3micas en los costes del proyecto.<\/p>\n<p>Nuestra propuesta de valor, para ayudar a nuestros clientes y socios estrat\u00e9gicos a ser m\u00e1s competitivos, es trabajar en la mejora continua mediante la optimizaci\u00f3n en todos los procesos para conseguir un mayor rendimiento y una mayor calidad de sus producciones, contaminando menos y contribuyendo a mantener la sostenibilidad medioambiental.<\/p>\n<p>Nuestro objetivo es hacer ahorrar tiempo y dinero a las empresas que han depositado su confianza en ADL, las cuales se benefician de la obtenci\u00f3n de unos mayores rendimientos de sus productos con el menor coste posible logrando as\u00ed mantener la sostenibilidad econ\u00f3mica de sus negocios.<\/p>\n<p>Lo hacemos dise\u00f1ando l\u00edneas de proceso de forma flexible y adaptada, comenzando con el esquema del proyecto, desde el laboratorio y la planta piloto (desarrollo del proceso), pasando por el escalado seg\u00fan las necesidades espec\u00edficas de cada proyecto, hasta la fabricaci\u00f3n a medida. Y en cada paso todo nuestro know how, equipos e infraestructuras est\u00e1n orientados a conseguir la m\u00e1xima rentabilidad y competitividad del producto final purificado.<\/p>\n<p>\u00abFermentaci\u00f3n eficiente en ausencia de contaminaci\u00f3n\u00bb (sostenibilidad econ\u00f3mica y medioambiental) asociado a una producci\u00f3n \u201cecofriendly\u201d.<\/p>\n<p>En ADL conseguimos atender las m\u00e1s exigentes necesidades de nuestros clientes en poco tiempo y con un enfoque pragm\u00e1tico y rentable mediante el desarrollo de tecnolog\u00edas de fermentaci\u00f3n, recuperaci\u00f3n y purificaci\u00f3n de productos biol\u00f3gicos.<\/p>\n<p>[\/et_pb_text][et_pb_button _builder_version=\u00bb4.18.0&#8243; _module_preset=\u00bbdefault\u00bb button_text=\u00bbVer Pol\u00edtica del sistema integrado de gesti\u00f3n\u00bb button_url=\u00bbhttps:\/\/adlbiopharma.com\/wp-content\/uploads\/2022\/12\/PoliticaSistemaIntegrado2022_ES.pdf\u00bb url_new_window=\u00bbon\u00bb hover_enabled=\u00bb0&#8243; sticky_enabled=\u00bb0&#8243; button_alignment=\u00bbcenter\u00bb custom_margin=\u00bb20px||50px||false|false\u00bb custom_padding=\u00bb16px|30px|16px|30px|false|false\u00bb box_shadow_style=\u00bbpreset1&#8243; box_shadow_vertical=\u00bb10px\u00bb box_shadow_blur=\u00bb20px\u00bb box_shadow_color=\u00bbrgba(0,159,180,0.3)\u00bb][\/et_pb_button][et_pb_image src=\u00bbhttps:\/\/adlbiopharma.com\/wp-content\/uploads\/2021\/07\/compromiso1.png\u00bb title_text=\u00bbcompromiso1&#8243; _builder_version=\u00bb4.16&#8243; _module_preset=\u00bbdefault\u00bb border_radii=\u00bbon|10px|10px|10px|10px\u00bb global_colors_info=\u00bb{}\u00bb][\/et_pb_image][\/et_pb_column][\/et_pb_row][\/et_pb_section]<\/p>\n","protected":false},"excerpt":{"rendered":"<p>Compromiso &#8211; sostenibilidad econ\u00f3micaComo instalaci\u00f3n de fermentaci\u00f3n multiproducto, la sinergia con nuestros socios nos permite optimizar al m\u00e1ximo nuestros costes de producci\u00f3n, ofreciendo no solo altos est\u00e1ndares de calidad y compromiso, sino tambi\u00e9n ventajas econ\u00f3micas en los costes del proyecto. Nuestra propuesta de valor, para ayudar a nuestros clientes y socios estrat\u00e9gicos a ser m\u00e1s [&hellip;]<\/p>\n","protected":false},"author":5,"featured_media":0,"parent":0,"menu_order":0,"comment_status":"closed","ping_status":"closed","template":"","meta":{"_et_pb_use_builder":"on","_et_pb_old_content":"","_et_gb_content_width":"","footnotes":""},"class_list":["post-2143","page","type-page","status-publish","hentry"],"yoast_head":"<!-- This site is optimized with the Yoast SEO plugin v25.6 - https:\/\/yoast.com\/wordpress\/plugins\/seo\/ -->\n<title>Compromiso - sostenibilidad econ\u00f3mica - ADL Biopharma<\/title>\n<meta name=\"robots\" content=\"index, follow, max-snippet:-1, max-image-preview:large, max-video-preview:-1\" \/>\n<link rel=\"canonical\" href=\"https:\/\/adlbiopharma.com\/es\/compromiso-sostenibilidad-economica\/\" \/>\n<meta property=\"og:locale\" content=\"es_ES\" \/>\n<meta property=\"og:type\" content=\"article\" \/>\n<meta property=\"og:title\" content=\"Compromiso - sostenibilidad econ\u00f3mica - ADL Biopharma\" \/>\n<meta property=\"og:description\" content=\"Compromiso - sostenibilidad econ\u00f3micaComo instalaci\u00f3n de fermentaci\u00f3n multiproducto, la sinergia con nuestros socios nos permite optimizar al m\u00e1ximo nuestros costes de producci\u00f3n, ofreciendo no solo altos est\u00e1ndares de calidad y compromiso, sino tambi\u00e9n ventajas econ\u00f3micas en los costes del proyecto. Nuestra propuesta de valor, para ayudar a nuestros clientes y socios estrat\u00e9gicos a ser m\u00e1s [&hellip;]\" \/>\n<meta property=\"og:url\" content=\"https:\/\/adlbiopharma.com\/es\/compromiso-sostenibilidad-economica\/\" \/>\n<meta property=\"og:site_name\" content=\"ADL Biopharma\" \/>\n<meta property=\"article:modified_time\" content=\"2022-12-12T16:34:17+00:00\" \/>\n<meta name=\"twitter:card\" content=\"summary_large_image\" \/>\n<meta name=\"twitter:label1\" content=\"Tiempo de lectura\" \/>\n\t<meta name=\"twitter:data1\" content=\"2 minutos\" \/>\n<script type=\"application\/ld+json\" class=\"yoast-schema-graph\">{\"@context\":\"https:\/\/schema.org\",\"@graph\":[{\"@type\":\"WebPage\",\"@id\":\"https:\/\/adlbiopharma.com\/es\/compromiso-sostenibilidad-economica\/\",\"url\":\"https:\/\/adlbiopharma.com\/es\/compromiso-sostenibilidad-economica\/\",\"name\":\"Compromiso - sostenibilidad econ\u00f3mica - ADL Biopharma\",\"isPartOf\":{\"@id\":\"https:\/\/adlbiopharma.com\/#website\"},\"datePublished\":\"2021-07-21T12:03:16+00:00\",\"dateModified\":\"2022-12-12T16:34:17+00:00\",\"breadcrumb\":{\"@id\":\"https:\/\/adlbiopharma.com\/es\/compromiso-sostenibilidad-economica\/#breadcrumb\"},\"inLanguage\":\"es\",\"potentialAction\":[{\"@type\":\"ReadAction\",\"target\":[\"https:\/\/adlbiopharma.com\/es\/compromiso-sostenibilidad-economica\/\"]}]},{\"@type\":\"BreadcrumbList\",\"@id\":\"https:\/\/adlbiopharma.com\/es\/compromiso-sostenibilidad-economica\/#breadcrumb\",\"itemListElement\":[{\"@type\":\"ListItem\",\"position\":1,\"name\":\"Home\",\"item\":\"https:\/\/adlbiopharma.com\/es\/\"},{\"@type\":\"ListItem\",\"position\":2,\"name\":\"Compromiso &#8211; sostenibilidad econ\u00f3mica\"}]},{\"@type\":\"WebSite\",\"@id\":\"https:\/\/adlbiopharma.com\/#website\",\"url\":\"https:\/\/adlbiopharma.com\/\",\"name\":\"ADL Biopharma\",\"description\":\"Antibi\u00f3ticos de Le\u00f3n\",\"potentialAction\":[{\"@type\":\"SearchAction\",\"target\":{\"@type\":\"EntryPoint\",\"urlTemplate\":\"https:\/\/adlbiopharma.com\/?s={search_term_string}\"},\"query-input\":{\"@type\":\"PropertyValueSpecification\",\"valueRequired\":true,\"valueName\":\"search_term_string\"}}],\"inLanguage\":\"es\"}]}<\/script>\n<!-- \/ Yoast SEO plugin. -->","yoast_head_json":{"title":"Compromiso - sostenibilidad econ\u00f3mica - ADL Biopharma","robots":{"index":"index","follow":"follow","max-snippet":"max-snippet:-1","max-image-preview":"max-image-preview:large","max-video-preview":"max-video-preview:-1"},"canonical":"https:\/\/adlbiopharma.com\/es\/compromiso-sostenibilidad-economica\/","og_locale":"es_ES","og_type":"article","og_title":"Compromiso - sostenibilidad econ\u00f3mica - ADL Biopharma","og_description":"Compromiso - sostenibilidad econ\u00f3micaComo instalaci\u00f3n de fermentaci\u00f3n multiproducto, la sinergia con nuestros socios nos permite optimizar al m\u00e1ximo nuestros costes de producci\u00f3n, ofreciendo no solo altos est\u00e1ndares de calidad y compromiso, sino tambi\u00e9n ventajas econ\u00f3micas en los costes del proyecto. Nuestra propuesta de valor, para ayudar a nuestros clientes y socios estrat\u00e9gicos a ser m\u00e1s [&hellip;]","og_url":"https:\/\/adlbiopharma.com\/es\/compromiso-sostenibilidad-economica\/","og_site_name":"ADL Biopharma","article_modified_time":"2022-12-12T16:34:17+00:00","twitter_card":"summary_large_image","twitter_misc":{"Tiempo de lectura":"2 minutos"},"schema":{"@context":"https:\/\/schema.org","@graph":[{"@type":"WebPage","@id":"https:\/\/adlbiopharma.com\/es\/compromiso-sostenibilidad-economica\/","url":"https:\/\/adlbiopharma.com\/es\/compromiso-sostenibilidad-economica\/","name":"Compromiso - sostenibilidad econ\u00f3mica - ADL Biopharma","isPartOf":{"@id":"https:\/\/adlbiopharma.com\/#website"},"datePublished":"2021-07-21T12:03:16+00:00","dateModified":"2022-12-12T16:34:17+00:00","breadcrumb":{"@id":"https:\/\/adlbiopharma.com\/es\/compromiso-sostenibilidad-economica\/#breadcrumb"},"inLanguage":"es","potentialAction":[{"@type":"ReadAction","target":["https:\/\/adlbiopharma.com\/es\/compromiso-sostenibilidad-economica\/"]}]},{"@type":"BreadcrumbList","@id":"https:\/\/adlbiopharma.com\/es\/compromiso-sostenibilidad-economica\/#breadcrumb","itemListElement":[{"@type":"ListItem","position":1,"name":"Home","item":"https:\/\/adlbiopharma.com\/es\/"},{"@type":"ListItem","position":2,"name":"Compromiso &#8211; sostenibilidad econ\u00f3mica"}]},{"@type":"WebSite","@id":"https:\/\/adlbiopharma.com\/#website","url":"https:\/\/adlbiopharma.com\/","name":"ADL Biopharma","description":"Antibi\u00f3ticos de Le\u00f3n","potentialAction":[{"@type":"SearchAction","target":{"@type":"EntryPoint","urlTemplate":"https:\/\/adlbiopharma.com\/?s={search_term_string}"},"query-input":{"@type":"PropertyValueSpecification","valueRequired":true,"valueName":"search_term_string"}}],"inLanguage":"es"}]}},"_links":{"self":[{"href":"https:\/\/adlbiopharma.com\/es\/wp-json\/wp\/v2\/pages\/2143","targetHints":{"allow":["GET"]}}],"collection":[{"href":"https:\/\/adlbiopharma.com\/es\/wp-json\/wp\/v2\/pages"}],"about":[{"href":"https:\/\/adlbiopharma.com\/es\/wp-json\/wp\/v2\/types\/page"}],"author":[{"embeddable":true,"href":"https:\/\/adlbiopharma.com\/es\/wp-json\/wp\/v2\/users\/5"}],"replies":[{"embeddable":true,"href":"https:\/\/adlbiopharma.com\/es\/wp-json\/wp\/v2\/comments?post=2143"}],"version-history":[{"count":5,"href":"https:\/\/adlbiopharma.com\/es\/wp-json\/wp\/v2\/pages\/2143\/revisions"}],"predecessor-version":[{"id":3119,"href":"https:\/\/adlbiopharma.com\/es\/wp-json\/wp\/v2\/pages\/2143\/revisions\/3119"}],"wp:attachment":[{"href":"https:\/\/adlbiopharma.com\/es\/wp-json\/wp\/v2\/media?parent=2143"}],"curies":[{"name":"wp","href":"https:\/\/api.w.org\/{rel}","templated":true}]}}