{"id":2233,"date":"2021-07-22T12:49:13","date_gmt":"2021-07-22T11:49:13","guid":{"rendered":"https:\/\/adlbiopharma.com\/?page_id=2233"},"modified":"2023-01-17T12:48:11","modified_gmt":"2023-01-17T11:48:11","slug":"area-tecnica","status":"publish","type":"page","link":"https:\/\/adlbiopharma.com\/es\/area-tecnica\/","title":{"rendered":"\u00c1rea t\u00e9cnica"},"content":{"rendered":"<p>[et_pb_section fb_built=\u00bb1&#8243; next_background_color=\u00bb#ffffff\u00bb admin_label=\u00bbHeader\u00bb _builder_version=\u00bb4.16&#8243; background_enable_color=\u00bboff\u00bb use_background_color_gradient=\u00bbon\u00bb background_color_gradient_direction=\u00bb140deg\u00bb background_color_gradient_stops=\u00bb#93c027 0%|#009fb4 100%\u00bb background_color_gradient_start=\u00bb#93c027&#8243; background_color_gradient_end=\u00bb#009fb4&#8243; background_image=\u00bbhttps:\/\/adlbiopharma.com\/wp-content\/uploads\/2021\/07\/tecnica_cabeceras.png\u00bb background_blend=\u00bbmultiply\u00bb custom_margin=\u00bb||||false\u00bb custom_padding=\u00bb6vw||6vw||true|false\u00bb bottom_divider_style=\u00bbcurve\u00bb bottom_divider_height=\u00bb6vw\u00bb global_colors_info=\u00bb{}\u00bb][et_pb_row _builder_version=\u00bb4.16&#8243; background_enable_image=\u00bboff\u00bb background_size=\u00bbcontain\u00bb animation_style=\u00bbzoom\u00bb animation_intensity_zoom=\u00bb10%\u00bb global_colors_info=\u00bb{}\u00bb][et_pb_column type=\u00bb4_4&#8243; _builder_version=\u00bb4.16&#8243; custom_padding=\u00bb|||\u00bb global_colors_info=\u00bb{}\u00bb custom_padding__hover=\u00bb|||\u00bb][et_pb_text _builder_version=\u00bb4.16&#8243; text_font=\u00bb|||on|||||\u00bb text_text_color=\u00bb#ffffff\u00bb text_font_size=\u00bb14px\u00bb header_font=\u00bb|500|||||||\u00bb header_2_font=\u00bb||||||||\u00bb text_orientation=\u00bbcenter\u00bb background_layout=\u00bbdark\u00bb header_font_size_tablet=\u00bb\u00bb header_font_size_phone=\u00bb\u00bb header_font_size_last_edited=\u00bbon|phone\u00bb header_2_font_size_tablet=\u00bb50px\u00bb header_2_font_size_phone=\u00bb30px\u00bb header_2_font_size_last_edited=\u00bbon|desktop\u00bb global_colors_info=\u00bb{}\u00bb]<\/p>\n<h1>\u00c1rea t\u00e9cnica<\/h1>\n<p>[\/et_pb_text][\/et_pb_column][\/et_pb_row][\/et_pb_section][et_pb_section fb_built=\u00bb1&#8243; admin_label=\u00bbarea tecnica\u00bb _builder_version=\u00bb4.16&#8243; global_colors_info=\u00bb{}\u00bb][et_pb_row column_structure=\u00bb1_2,1_2&#8243; _builder_version=\u00bb4.16&#8243; global_colors_info=\u00bb{}\u00bb][et_pb_column type=\u00bb1_2&#8243; _builder_version=\u00bb4.16&#8243; custom_padding=\u00bb|||\u00bb global_colors_info=\u00bb{}\u00bb custom_padding__hover=\u00bb|||\u00bb][et_pb_text _builder_version=\u00bb4.16&#8243; _module_preset=\u00bbdefault\u00bb global_colors_info=\u00bb{}\u00bb]<\/p>\n<p>ADL BioPharma ofrece a sus clientes el acceso a compartir nuestra enorme experiencia en el desarrollo biotecnol\u00f3gico y en la fabricaci\u00f3n.<\/p>\n<p>Nuestro compromiso con la innovaci\u00f3n se hace realidad a trav\u00e9s del equipo humano especializado y en constante proceso de formaci\u00f3n y de una inversi\u00f3n constante en desarrollo de nuevas tecnolog\u00edas y equipos de \u00faltima generaci\u00f3n. Tanto si es una empresa farmac\u00e9utica grande como si es una start-up biotecnol\u00f3gica, nuestro equipo puede desarrollar y transformar una prometedora mol\u00e9cula en un producto comercializable.<\/p>\n<p>El compromiso con la calidad, se concreta a trav\u00e9s de nuestros procesos de s\u00edntesis qu\u00edmica, biotransformaci\u00f3n, fermentaci\u00f3n microbiana de precisi\u00f3n y purificaci\u00f3n de mol\u00e9culas de alto valor rigurosamente dise\u00f1ados y controlados a lo largo de nuestros 60 a\u00f1os de historia.<\/p>\n<p>Nuestro compromiso con la sostenibilidad incluye el respeto el medio ambiente a lo largo de toda nuestra cadena de valor, contribuyendo eficientemente a la competitividad de nuestros clientes.<\/p>\n<p>[\/et_pb_text][\/et_pb_column][et_pb_column type=\u00bb1_2&#8243; _builder_version=\u00bb4.16&#8243; custom_padding=\u00bb|||\u00bb global_colors_info=\u00bb{}\u00bb custom_padding__hover=\u00bb|||\u00bb][et_pb_image src=\u00bbhttps:\/\/adlbiopharma.com\/wp-content\/uploads\/2021\/07\/tecnica_1.png\u00bb title_text=\u00bbtecnica_1&#8243; _builder_version=\u00bb4.16&#8243; _module_preset=\u00bbdefault\u00bb border_radii=\u00bbon|10px|10px|10px|10px\u00bb global_colors_info=\u00bb{}\u00bb][\/et_pb_image][\/et_pb_column][\/et_pb_row][et_pb_row column_structure=\u00bb1_2,1_2&#8243; _builder_version=\u00bb4.16&#8243; global_colors_info=\u00bb{}\u00bb][et_pb_column type=\u00bb1_2&#8243; _builder_version=\u00bb4.16&#8243; custom_padding=\u00bb|||\u00bb global_colors_info=\u00bb{}\u00bb custom_padding__hover=\u00bb|||\u00bb][et_pb_image src=\u00bbhttps:\/\/adlbiopharma.com\/wp-content\/uploads\/2021\/07\/tecnica_2.png\u00bb title_text=\u00bbtecnica_2&#8243; _builder_version=\u00bb4.16&#8243; _module_preset=\u00bbdefault\u00bb border_radii=\u00bbon|10px|10px|10px|10px\u00bb global_colors_info=\u00bb{}\u00bb][\/et_pb_image][\/et_pb_column][et_pb_column type=\u00bb1_2&#8243; _builder_version=\u00bb4.16&#8243; custom_padding=\u00bb|||\u00bb global_colors_info=\u00bb{}\u00bb custom_padding__hover=\u00bb|||\u00bb][et_pb_text _builder_version=\u00bb4.16&#8243; _module_preset=\u00bbdefault\u00bb global_colors_info=\u00bb{}\u00bb]<\/p>\n<p>En ADL BioPharma tenemos la experiencia y la capacidad para apoyar el desarrollo personalizado de un proyecto de fabricaci\u00f3n biotecnol\u00f3gica desde el desarrollo inicial hasta la fabricaci\u00f3n comercial.<\/p>\n<p>Existe siempre una estrecha comunicaci\u00f3n a lo largo del proyecto y un contacto estrecho con nuestros equipos de especialistas y la posibilidad de seguir el proceso de una forma muy cercana desde las fases de laboratorio y durante las pruebas piloto. As\u00ed se garantiza una transferencia de tecnolog\u00eda sin fisuras en ambas direcciones. La experiencia que se adquiere en cada proyecto pasa a formar parte del know how del cliente.<\/p>\n<p>Nuestra actividad diferencial es el escalado. Nuestro equipo de ingenieros y t\u00e9cnicos combina d\u00e9cadas de experiencia y conocimientos tecnol\u00f3gicos para evitar los escollos en las primeras fases del proceso y garantizar un escalado r\u00e1pido, eficiente y rentable. Los procedimientos est\u00e1n dise\u00f1ados para adecuarse a las necesidades de nuestros clientes y brindarles flexibilidad, adaptaci\u00f3n local y control en cada uno de los pasos hacia la fabricaci\u00f3n comercial.<\/p>\n<p>Contamos con la tecnolog\u00eda, las instalaciones, el conocimiento y la flexibilidad para asumir proyectos exigentes que requieren procesos personalizado.<\/p>\n<p>[\/et_pb_text][\/et_pb_column][\/et_pb_row][\/et_pb_section][et_pb_section fb_built=\u00bb1&#8243; prev_background_color=\u00bb#ffffff\u00bb _builder_version=\u00bb4.16&#8243; background_color=\u00bbrgba(128,141,120,0.18)\u00bb custom_padding=\u00bb100px|0px|54px|0px|false|false\u00bb top_divider_style=\u00bbcurve\u00bb top_divider_height=\u00bb6vw\u00bb top_divider_flip=\u00bbvertical\u00bb global_colors_info=\u00bb{}\u00bb][et_pb_row _builder_version=\u00bb4.16&#8243; custom_padding=\u00bb0|0px|0|0px|false|false\u00bb global_colors_info=\u00bb{}\u00bb][et_pb_column type=\u00bb4_4&#8243; _builder_version=\u00bb4.16&#8243; custom_padding=\u00bb|||\u00bb global_colors_info=\u00bb{}\u00bb custom_padding__hover=\u00bb|||\u00bb][et_pb_text _builder_version=\u00bb4.18.0&#8243; _module_preset=\u00bbdefault\u00bb header_4_text_color=\u00bb#3c9b52&#8243; hover_enabled=\u00bb0&#8243; global_colors_info=\u00bb{}\u00bb header_2_font_size=\u00bb18px\u00bb sticky_enabled=\u00bb0&#8243;]<\/p>\n<h2 style=\"text-align: center;\">Los beneficios observados por los clientes destacan principalmente por su impacto en la sostenibilidad econ\u00f3mica de sus productos:<\/h2>\n<p>[\/et_pb_text][\/et_pb_column][\/et_pb_row][et_pb_row column_structure=\u00bb1_5,3_5,1_5&#8243; use_custom_gutter=\u00bbon\u00bb gutter_width=\u00bb2&#8243; _builder_version=\u00bb4.16&#8243; global_colors_info=\u00bb{}\u00bb][et_pb_column type=\u00bb1_5&#8243; _builder_version=\u00bb4.16&#8243; custom_padding=\u00bb|||\u00bb global_colors_info=\u00bb{}\u00bb custom_padding__hover=\u00bb|||\u00bb][\/et_pb_column][et_pb_column type=\u00bb3_5&#8243; _builder_version=\u00bb4.16&#8243; custom_padding=\u00bb|||\u00bb global_colors_info=\u00bb{}\u00bb custom_padding__hover=\u00bb|||\u00bb][et_pb_text _builder_version=\u00bb4.16&#8243; _module_preset=\u00bbdefault\u00bb background_color=\u00bb#ffffff\u00bb custom_padding=\u00bb25px|25px|25px|25px|false|false\u00bb animation_style=\u00bbzoom\u00bb animation_intensity_zoom=\u00bb10%\u00bb border_radii=\u00bbon|10px|10px|10px|10px\u00bb box_shadow_style=\u00bbpreset1&#8243; box_shadow_vertical=\u00bb10px\u00bb box_shadow_blur=\u00bb60px\u00bb box_shadow_color=\u00bbrgba(128,141,120,0.3)\u00bb global_colors_info=\u00bb{}\u00bb]<\/p>\n<p>Superaci\u00f3n de los retos de formulaci\u00f3n o de producci\u00f3n.<\/p>\n<p>[\/et_pb_text][et_pb_text _builder_version=\u00bb4.16&#8243; _module_preset=\u00bbdefault\u00bb background_color=\u00bb#ffffff\u00bb custom_padding=\u00bb25px|25px|25px|25px|false|false\u00bb animation_style=\u00bbzoom\u00bb animation_intensity_zoom=\u00bb10%\u00bb border_radii=\u00bbon|10px|10px|10px|10px\u00bb box_shadow_style=\u00bbpreset1&#8243; box_shadow_vertical=\u00bb10px\u00bb box_shadow_blur=\u00bb60px\u00bb box_shadow_color=\u00bbrgba(128,141,120,0.3)\u00bb global_colors_info=\u00bb{}\u00bb]<\/p>\n<p>Generaci\u00f3n de datos para las autorizaciones y certificaciones.<\/p>\n<p>[\/et_pb_text][et_pb_text _builder_version=\u00bb4.16&#8243; _module_preset=\u00bbdefault\u00bb background_color=\u00bb#ffffff\u00bb custom_padding=\u00bb25px|25px|25px|25px|false|false\u00bb animation_style=\u00bbzoom\u00bb animation_intensity_zoom=\u00bb10%\u00bb border_radii=\u00bbon|10px|10px|10px|10px\u00bb box_shadow_style=\u00bbpreset1&#8243; box_shadow_vertical=\u00bb10px\u00bb box_shadow_blur=\u00bb60px\u00bb box_shadow_color=\u00bbrgba(128,141,120,0.3)\u00bb global_colors_info=\u00bb{}\u00bb]<\/p>\n<p>Aceleraci\u00f3n del proceso de desarrollo para alcanzar la fase de fabricaci\u00f3n r\u00e1pida y eficientemente.<\/p>\n<p>[\/et_pb_text][et_pb_text _builder_version=\u00bb4.16&#8243; _module_preset=\u00bbdefault\u00bb background_color=\u00bb#ffffff\u00bb custom_padding=\u00bb25px|25px|25px|25px|false|false\u00bb animation_style=\u00bbzoom\u00bb animation_intensity_zoom=\u00bb10%\u00bb border_radii=\u00bbon|10px|10px|10px|10px\u00bb box_shadow_style=\u00bbpreset1&#8243; box_shadow_vertical=\u00bb10px\u00bb box_shadow_blur=\u00bb60px\u00bb box_shadow_color=\u00bbrgba(128,141,120,0.3)\u00bb global_colors_info=\u00bb{}\u00bb]<\/p>\n<p>Dise\u00f1o e implementaci\u00f3n de las metodolog\u00edas biotecnol\u00f3gicas: anal\u00edtica, procesos, control de calidad y entorno regulatorio.<\/p>\n<p>[\/et_pb_text][et_pb_text _builder_version=\u00bb4.16&#8243; _module_preset=\u00bbdefault\u00bb background_color=\u00bb#ffffff\u00bb custom_padding=\u00bb25px|25px|25px|25px|false|false\u00bb animation_style=\u00bbzoom\u00bb animation_intensity_zoom=\u00bb10%\u00bb border_radii=\u00bbon|10px|10px|10px|10px\u00bb box_shadow_style=\u00bbpreset1&#8243; box_shadow_vertical=\u00bb10px\u00bb box_shadow_blur=\u00bb60px\u00bb box_shadow_color=\u00bbrgba(128,141,120,0.3)\u00bb global_colors_info=\u00bb{}\u00bb]<\/p>\n<p>Optimizaci\u00f3n de costes mediante la mejora continua del rendimiento en la fabricaci\u00f3n.<\/p>\n<p>[\/et_pb_text][\/et_pb_column][et_pb_column type=\u00bb1_5&#8243; _builder_version=\u00bb4.16&#8243; custom_padding=\u00bb|||\u00bb global_colors_info=\u00bb{}\u00bb custom_padding__hover=\u00bb|||\u00bb][\/et_pb_column][\/et_pb_row][\/et_pb_section]<\/p>\n","protected":false},"excerpt":{"rendered":"<p>\u00c1rea t\u00e9cnicaADL BioPharma ofrece a sus clientes el acceso a compartir nuestra enorme experiencia en el desarrollo biotecnol\u00f3gico y en la fabricaci\u00f3n. Nuestro compromiso con la innovaci\u00f3n se hace realidad a trav\u00e9s del equipo humano especializado y en constante proceso de formaci\u00f3n y de una inversi\u00f3n constante en desarrollo de nuevas tecnolog\u00edas y equipos de [&hellip;]<\/p>\n","protected":false},"author":5,"featured_media":0,"parent":0,"menu_order":0,"comment_status":"closed","ping_status":"closed","template":"","meta":{"_et_pb_use_builder":"on","_et_pb_old_content":"","_et_gb_content_width":"","footnotes":""},"class_list":["post-2233","page","type-page","status-publish","hentry"],"yoast_head":"<!-- This site is optimized with the Yoast SEO plugin v25.6 - https:\/\/yoast.com\/wordpress\/plugins\/seo\/ -->\n<title>\u00c1rea t\u00e9cnica - ADL Biopharma<\/title>\n<meta name=\"robots\" content=\"index, follow, max-snippet:-1, max-image-preview:large, max-video-preview:-1\" \/>\n<link rel=\"canonical\" href=\"https:\/\/adlbiopharma.com\/es\/area-tecnica\/\" \/>\n<meta property=\"og:locale\" content=\"es_ES\" \/>\n<meta property=\"og:type\" content=\"article\" \/>\n<meta property=\"og:title\" content=\"\u00c1rea t\u00e9cnica - ADL Biopharma\" \/>\n<meta property=\"og:description\" content=\"\u00c1rea t\u00e9cnicaADL BioPharma ofrece a sus clientes el acceso a compartir nuestra enorme experiencia en el desarrollo biotecnol\u00f3gico y en la fabricaci\u00f3n. Nuestro compromiso con la innovaci\u00f3n se hace realidad a trav\u00e9s del equipo humano especializado y en constante proceso de formaci\u00f3n y de una inversi\u00f3n constante en desarrollo de nuevas tecnolog\u00edas y equipos de [&hellip;]\" \/>\n<meta property=\"og:url\" content=\"https:\/\/adlbiopharma.com\/es\/area-tecnica\/\" \/>\n<meta property=\"og:site_name\" content=\"ADL Biopharma\" \/>\n<meta property=\"article:modified_time\" content=\"2023-01-17T11:48:11+00:00\" \/>\n<meta name=\"twitter:card\" content=\"summary_large_image\" \/>\n<meta name=\"twitter:label1\" content=\"Tiempo de lectura\" \/>\n\t<meta name=\"twitter:data1\" content=\"3 minutos\" \/>\n<script type=\"application\/ld+json\" class=\"yoast-schema-graph\">{\"@context\":\"https:\/\/schema.org\",\"@graph\":[{\"@type\":\"WebPage\",\"@id\":\"https:\/\/adlbiopharma.com\/es\/area-tecnica\/\",\"url\":\"https:\/\/adlbiopharma.com\/es\/area-tecnica\/\",\"name\":\"\u00c1rea t\u00e9cnica - ADL Biopharma\",\"isPartOf\":{\"@id\":\"https:\/\/adlbiopharma.com\/#website\"},\"datePublished\":\"2021-07-22T11:49:13+00:00\",\"dateModified\":\"2023-01-17T11:48:11+00:00\",\"breadcrumb\":{\"@id\":\"https:\/\/adlbiopharma.com\/es\/area-tecnica\/#breadcrumb\"},\"inLanguage\":\"es\",\"potentialAction\":[{\"@type\":\"ReadAction\",\"target\":[\"https:\/\/adlbiopharma.com\/es\/area-tecnica\/\"]}]},{\"@type\":\"BreadcrumbList\",\"@id\":\"https:\/\/adlbiopharma.com\/es\/area-tecnica\/#breadcrumb\",\"itemListElement\":[{\"@type\":\"ListItem\",\"position\":1,\"name\":\"Home\",\"item\":\"https:\/\/adlbiopharma.com\/es\/\"},{\"@type\":\"ListItem\",\"position\":2,\"name\":\"\u00c1rea t\u00e9cnica\"}]},{\"@type\":\"WebSite\",\"@id\":\"https:\/\/adlbiopharma.com\/#website\",\"url\":\"https:\/\/adlbiopharma.com\/\",\"name\":\"ADL Biopharma\",\"description\":\"Antibi\u00f3ticos de Le\u00f3n\",\"potentialAction\":[{\"@type\":\"SearchAction\",\"target\":{\"@type\":\"EntryPoint\",\"urlTemplate\":\"https:\/\/adlbiopharma.com\/?s={search_term_string}\"},\"query-input\":{\"@type\":\"PropertyValueSpecification\",\"valueRequired\":true,\"valueName\":\"search_term_string\"}}],\"inLanguage\":\"es\"}]}<\/script>\n<!-- \/ Yoast SEO plugin. -->","yoast_head_json":{"title":"\u00c1rea t\u00e9cnica - ADL Biopharma","robots":{"index":"index","follow":"follow","max-snippet":"max-snippet:-1","max-image-preview":"max-image-preview:large","max-video-preview":"max-video-preview:-1"},"canonical":"https:\/\/adlbiopharma.com\/es\/area-tecnica\/","og_locale":"es_ES","og_type":"article","og_title":"\u00c1rea t\u00e9cnica - ADL Biopharma","og_description":"\u00c1rea t\u00e9cnicaADL BioPharma ofrece a sus clientes el acceso a compartir nuestra enorme experiencia en el desarrollo biotecnol\u00f3gico y en la fabricaci\u00f3n. Nuestro compromiso con la innovaci\u00f3n se hace realidad a trav\u00e9s del equipo humano especializado y en constante proceso de formaci\u00f3n y de una inversi\u00f3n constante en desarrollo de nuevas tecnolog\u00edas y equipos de [&hellip;]","og_url":"https:\/\/adlbiopharma.com\/es\/area-tecnica\/","og_site_name":"ADL Biopharma","article_modified_time":"2023-01-17T11:48:11+00:00","twitter_card":"summary_large_image","twitter_misc":{"Tiempo de lectura":"3 minutos"},"schema":{"@context":"https:\/\/schema.org","@graph":[{"@type":"WebPage","@id":"https:\/\/adlbiopharma.com\/es\/area-tecnica\/","url":"https:\/\/adlbiopharma.com\/es\/area-tecnica\/","name":"\u00c1rea t\u00e9cnica - ADL Biopharma","isPartOf":{"@id":"https:\/\/adlbiopharma.com\/#website"},"datePublished":"2021-07-22T11:49:13+00:00","dateModified":"2023-01-17T11:48:11+00:00","breadcrumb":{"@id":"https:\/\/adlbiopharma.com\/es\/area-tecnica\/#breadcrumb"},"inLanguage":"es","potentialAction":[{"@type":"ReadAction","target":["https:\/\/adlbiopharma.com\/es\/area-tecnica\/"]}]},{"@type":"BreadcrumbList","@id":"https:\/\/adlbiopharma.com\/es\/area-tecnica\/#breadcrumb","itemListElement":[{"@type":"ListItem","position":1,"name":"Home","item":"https:\/\/adlbiopharma.com\/es\/"},{"@type":"ListItem","position":2,"name":"\u00c1rea t\u00e9cnica"}]},{"@type":"WebSite","@id":"https:\/\/adlbiopharma.com\/#website","url":"https:\/\/adlbiopharma.com\/","name":"ADL Biopharma","description":"Antibi\u00f3ticos de Le\u00f3n","potentialAction":[{"@type":"SearchAction","target":{"@type":"EntryPoint","urlTemplate":"https:\/\/adlbiopharma.com\/?s={search_term_string}"},"query-input":{"@type":"PropertyValueSpecification","valueRequired":true,"valueName":"search_term_string"}}],"inLanguage":"es"}]}},"_links":{"self":[{"href":"https:\/\/adlbiopharma.com\/es\/wp-json\/wp\/v2\/pages\/2233","targetHints":{"allow":["GET"]}}],"collection":[{"href":"https:\/\/adlbiopharma.com\/es\/wp-json\/wp\/v2\/pages"}],"about":[{"href":"https:\/\/adlbiopharma.com\/es\/wp-json\/wp\/v2\/types\/page"}],"author":[{"embeddable":true,"href":"https:\/\/adlbiopharma.com\/es\/wp-json\/wp\/v2\/users\/5"}],"replies":[{"embeddable":true,"href":"https:\/\/adlbiopharma.com\/es\/wp-json\/wp\/v2\/comments?post=2233"}],"version-history":[{"count":6,"href":"https:\/\/adlbiopharma.com\/es\/wp-json\/wp\/v2\/pages\/2233\/revisions"}],"predecessor-version":[{"id":3188,"href":"https:\/\/adlbiopharma.com\/es\/wp-json\/wp\/v2\/pages\/2233\/revisions\/3188"}],"wp:attachment":[{"href":"https:\/\/adlbiopharma.com\/es\/wp-json\/wp\/v2\/media?parent=2233"}],"curies":[{"name":"wp","href":"https:\/\/api.w.org\/{rel}","templated":true}]}}