{"id":2265,"date":"2021-07-22T14:11:50","date_gmt":"2021-07-22T13:11:50","guid":{"rendered":"https:\/\/adlbiopharma.com\/?page_id=2265"},"modified":"2021-10-22T10:55:40","modified_gmt":"2021-10-22T09:55:40","slug":"desarrollo-e-innovacion-d-i","status":"publish","type":"page","link":"https:\/\/adlbiopharma.com\/es\/desarrollo-e-innovacion-d-i\/","title":{"rendered":"Desarrollo e Innovaci\u00f3n (D + i)"},"content":{"rendered":"<p>[et_pb_section fb_built=\u00bb1&#8243; next_background_color=\u00bb#ffffff\u00bb admin_label=\u00bbHeader\u00bb _builder_version=\u00bb4.9.3&#8243; background_enable_color=\u00bboff\u00bb use_background_color_gradient=\u00bbon\u00bb background_color_gradient_start=\u00bb#93c027&#8243; background_color_gradient_end=\u00bb#009fb4&#8243; background_color_gradient_direction=\u00bb140deg\u00bb background_image=\u00bbhttps:\/\/adlbiopharma.com\/wp-content\/uploads\/2021\/07\/d-i_cabeceras.png\u00bb background_blend=\u00bbmultiply\u00bb custom_margin=\u00bb||||false\u00bb custom_padding=\u00bb6vw||6vw||true|false\u00bb bottom_divider_style=\u00bbcurve\u00bb bottom_divider_height=\u00bb6vw\u00bb][et_pb_row _builder_version=\u00bb4.9.3&#8243; background_enable_image=\u00bboff\u00bb background_size=\u00bbcontain\u00bb animation_style=\u00bbzoom\u00bb animation_intensity_zoom=\u00bb10%\u00bb][et_pb_column type=\u00bb4_4&#8243; _builder_version=\u00bb3.25&#8243; custom_padding=\u00bb|||\u00bb custom_padding__hover=\u00bb|||\u00bb][et_pb_text _builder_version=\u00bb4.9.3&#8243; text_font=\u00bb|||on|||||\u00bb text_text_color=\u00bb#ffffff\u00bb text_font_size=\u00bb14px\u00bb header_font=\u00bb|500|||||||\u00bb header_2_font=\u00bb||||||||\u00bb text_orientation=\u00bbcenter\u00bb background_layout=\u00bbdark\u00bb header_font_size_tablet=\u00bb\u00bb header_font_size_phone=\u00bb\u00bb header_font_size_last_edited=\u00bbon|phone\u00bb header_2_font_size_tablet=\u00bb50px\u00bb header_2_font_size_phone=\u00bb30px\u00bb header_2_font_size_last_edited=\u00bbon|desktop\u00bb]<\/p>\n<h1>Desarrollo e Innovaci\u00f3n (D + <span style=\"text-transform: none;\">i<\/span>)<\/h1>\n<p>[\/et_pb_text][\/et_pb_column][\/et_pb_row][\/et_pb_section][et_pb_section fb_built=\u00bb1&#8243; admin_label=\u00bbADL committed\u00bb _builder_version=\u00bb4.9.3&#8243;][et_pb_row _builder_version=\u00bb3.25&#8243;][et_pb_column type=\u00bb4_4&#8243; _builder_version=\u00bb3.25&#8243; custom_padding=\u00bb|||\u00bb custom_padding__hover=\u00bb|||\u00bb][et_pb_text _builder_version=\u00bb4.9.3&#8243; _module_preset=\u00bbdefault\u00bb hover_enabled=\u00bb0&#8243; sticky_enabled=\u00bb0&#8243;]<\/p>\n<p>ADL cuenta con un amplio know-how en el desarrollo de procesos y escalado de nuevas biotecnolog\u00edas sostenibles para m\u00faltiples mercados y sectores industriales destinados a proporcionar bienestar a la sociedad (Alimentaci\u00f3n, Aromas y Fragancias, Mol\u00e9culas Funcionales, Cuidado Personal y otros).<\/p>\n<p>Los procesos de D+i en ADL BioPharma tiene lugar primordialmente en nuestras Plantas Piloto de Fermentaci\u00f3n (USP) y de Recuperaci\u00f3n y Purificaci\u00f3n (DSP) que han sido espec\u00edficamente dise\u00f1adas para permitir la transici\u00f3n de la escala de laboratorio a la industrial, a trav\u00e9s de servicios totalmente adaptados y gracias a un amplio conocimiento de la innovaci\u00f3n en bioprocesos.<\/p>\n<p>[\/et_pb_text][et_pb_image src=\u00bbhttps:\/\/adlbiopharma.com\/wp-content\/uploads\/2021\/07\/d-i_1.png\u00bb title_text=\u00bbd-i_1&#8243; _builder_version=\u00bb4.9.3&#8243; _module_preset=\u00bbdefault\u00bb border_radii=\u00bbon|10px|10px|10px|10px\u00bb][\/et_pb_image][\/et_pb_column][\/et_pb_row][et_pb_row column_structure=\u00bb1_3,1_3,1_3&#8243; use_custom_gutter=\u00bbon\u00bb gutter_width=\u00bb4&#8243; disabled_on=\u00bbon|on|on\u00bb _builder_version=\u00bb4.9.3&#8243; custom_margin=\u00bb20px||60px||false|false\u00bb disabled=\u00bbon\u00bb][et_pb_column type=\u00bb1_3&#8243; _builder_version=\u00bb4.9.3&#8243; custom_padding=\u00bb|||\u00bb custom_padding__hover=\u00bb|||\u00bb][et_pb_text _builder_version=\u00bb4.9.3&#8243; _module_preset=\u00bbdefault\u00bb custom_padding=\u00bb35px|35px|35px|35px|false|false\u00bb animation_style=\u00bbzoom\u00bb animation_intensity_zoom=\u00bb10%\u00bb border_radii=\u00bbon|10px|10px|10px|10px\u00bb box_shadow_style=\u00bbpreset1&#8243; box_shadow_vertical=\u00bb10px\u00bb box_shadow_blur=\u00bb60px\u00bb box_shadow_color=\u00bbrgba(1,33,92,0.1)\u00bb]<\/p>\n<p><strong>Pretreatment system<\/strong> with homogenization, neutralization and physical separation by sedimentation.<\/p>\n<p>[\/et_pb_text][\/et_pb_column][et_pb_column type=\u00bb1_3&#8243; _builder_version=\u00bb4.9.3&#8243; custom_padding=\u00bb0px||||false|false\u00bb custom_padding_tablet=\u00bb0px|||\u00bb custom_padding_last_edited=\u00bboff|desktop\u00bb custom_padding__hover=\u00bb|||\u00bb][et_pb_text _builder_version=\u00bb4.9.3&#8243; _module_preset=\u00bbdefault\u00bb custom_padding=\u00bb35px|35px|35px|35px|false|false\u00bb animation_style=\u00bbzoom\u00bb animation_intensity_zoom=\u00bb10%\u00bb border_radii=\u00bbon|10px|10px|10px|10px\u00bb box_shadow_style=\u00bbpreset1&#8243; box_shadow_vertical=\u00bb10px\u00bb box_shadow_blur=\u00bb60px\u00bb box_shadow_color=\u00bbrgba(1,33,92,0.1)\u00bb]<\/p>\n<p><strong>Biological treatment<\/strong> by activated sludge, with anoxic selector and nitrogen removal treatment (nitrification\/denitrification).<\/p>\n<p>[\/et_pb_text][\/et_pb_column][et_pb_column type=\u00bb1_3&#8243; _builder_version=\u00bb4.9.3&#8243; custom_padding=\u00bb||||false|false\u00bb custom_padding_tablet=\u00bb0px|||\u00bb custom_padding_last_edited=\u00bboff|desktop\u00bb custom_padding__hover=\u00bb|||\u00bb][et_pb_text _builder_version=\u00bb4.9.3&#8243; _module_preset=\u00bbdefault\u00bb custom_padding=\u00bb35px|35px|35px|35px|false|false\u00bb animation_style=\u00bbzoom\u00bb animation_intensity_zoom=\u00bb10%\u00bb border_radii=\u00bbon|10px|10px|10px|10px\u00bb box_shadow_style=\u00bbpreset1&#8243; box_shadow_vertical=\u00bb10px\u00bb box_shadow_blur=\u00bb60px\u00bb box_shadow_color=\u00bbrgba(1,33,92,0.1)\u00bb]<\/p>\n<p><strong>Elimination of phosphorus<\/strong> by chemical precipitation and final elimination of solids by sedimentation.<\/p>\n<p>[\/et_pb_text][\/et_pb_column][\/et_pb_row][\/et_pb_section][et_pb_section fb_built=\u00bb1&#8243; prev_background_color=\u00bb#ffffff\u00bb admin_label=\u00bbEnvironmental policy\u00bb _builder_version=\u00bb4.9.3&#8243; background_color=\u00bbrgba(128,141,120,0.18)\u00bb background_image=\u00bbhttps:\/\/adlbiopharma.com\/wp-content\/uploads\/2021\/07\/d-i_fondo.png\u00bb background_blend=\u00bbmultiply\u00bb custom_padding=\u00bb100px|0px|54px|0px|false|false\u00bb top_divider_style=\u00bbcurve\u00bb top_divider_height=\u00bb6vw\u00bb top_divider_flip=\u00bbvertical\u00bb][et_pb_row column_structure=\u00bb1_2,1_2&#8243; disabled_on=\u00bbon|on|on\u00bb _builder_version=\u00bb3.25&#8243; disabled=\u00bbon\u00bb][et_pb_column type=\u00bb1_2&#8243; _builder_version=\u00bb3.25&#8243; custom_padding=\u00bb|||\u00bb custom_padding__hover=\u00bb|||\u00bb][et_pb_text _builder_version=\u00bb4.9.3&#8243; text_font=\u00bb||||||||\u00bb header_font=\u00bb||||||||\u00bb header_2_font=\u00bbMerriweather|700|||||||\u00bb header_2_font_size=\u00bb36px\u00bb header_2_line_height=\u00bb1.6em\u00bb header_3_font=\u00bbMerriweather|700|||||||\u00bb header_3_text_color=\u00bb#ffc47c\u00bb header_3_font_size=\u00bb18px\u00bb header_3_line_height=\u00bb1.8em\u00bb header_2_font_size_tablet=\u00bb\u00bb header_2_font_size_phone=\u00bb20px\u00bb header_2_font_size_last_edited=\u00bbon|phone\u00bb header_3_font_size_tablet=\u00bb\u00bb header_3_font_size_phone=\u00bb14px\u00bb header_3_font_size_last_edited=\u00bbon|phone\u00bb locked=\u00bboff\u00bb]<\/p>\n<h1>Environmental policy<\/h1>\n<p>At ADL BioPharma, in our role as a responsible member of society and of the pharmaceutical industry, we are aware of the fact that our activity must be carried out in a framework of sustainability and protection of the environment.<\/p>\n<p>We have the largest water purification plant in the city of Le\u00f3n, with a surface equivalent to 5 soccer fields (58,000 m<span class=\"superindice\">2<\/span>).<\/p>\n<p>[\/et_pb_text][\/et_pb_column][et_pb_column type=\u00bb1_2&#8243; _builder_version=\u00bb3.25&#8243; custom_padding=\u00bb|||\u00bb custom_padding__hover=\u00bb|||\u00bb][et_pb_image src=\u00bbhttps:\/\/adlbiopharma.com\/wp-content\/uploads\/2021\/05\/sostenibilidad_300.png\u00bb title_text=\u00bbsostenibilidad_300&#8243; align=\u00bbcenter\u00bb align_tablet=\u00bbcenter\u00bb align_phone=\u00bb\u00bb align_last_edited=\u00bbon|desktop\u00bb _builder_version=\u00bb4.9.3&#8243; background_enable_image=\u00bboff\u00bb background_size=\u00bbcontain\u00bb animation_style=\u00bbzoom\u00bb animation_intensity_zoom=\u00bb10%\u00bb border_radii=\u00bbon|1000px|1000px|1000px|1000px\u00bb box_shadow_style=\u00bbpreset1&#8243; box_shadow_vertical=\u00bb10px\u00bb box_shadow_blur=\u00bb60px\u00bb box_shadow_color=\u00bbrgba(1,33,92,0.1)\u00bb animation=\u00bbtop\u00bb][\/et_pb_image][\/et_pb_column][\/et_pb_row][et_pb_row _builder_version=\u00bb4.9.3&#8243; custom_padding=\u00bb|0px|100px|0px|false|false\u00bb][et_pb_column type=\u00bb4_4&#8243; _builder_version=\u00bb3.25&#8243; custom_padding=\u00bb|||\u00bb custom_padding__hover=\u00bb|||\u00bb][et_pb_text _builder_version=\u00bb4.9.3&#8243; _module_preset=\u00bbdefault\u00bb header_4_text_color=\u00bb#3c9b52&#8243;]<\/p>\n<p>Nuestro departamento de D+i combina un amplio conocimiento, de los micro-organismos empleados (Bio) y de la qu\u00edmica molecular (API farma), con la versatilidad y capacidad de adaptaci\u00f3n al mercado y a nuestros clientes, impulsando a la compa\u00f1\u00eda hacia una mejora continua de los procesos existentes y contribuyendo a la vez a la ampliaci\u00f3n del portfolio de productos propios.<\/p>\n<p>Ofrecemos a nuestros clientes un soporte integral en sus proyectos, desde el desarrollo del proceso hasta el escalado industrial, cumpliendo con todos los requisitos de las Buenas Pr\u00e1cticas de Fabricaci\u00f3n (cGMP). Trabajamos en proyectos muy diferentes que van desde mejoras de rendimientos productivos a nivel laboratorial hasta conseguir m\u00faltiples toneladas mediante optimizaci\u00f3n de los procesos fermentativos y de purificaci\u00f3n, brindando a la vez soporte t\u00e9cnico y cumplimiento estricto de las regulaciones pertinentes.<\/p>\n<p>[\/et_pb_text][et_pb_text _builder_version=\u00bb4.9.3&#8243; _module_preset=\u00bbdefault\u00bb background_color=\u00bb#ffffff\u00bb custom_padding=\u00bb25px|25px|25px|25px|false|false\u00bb animation_style=\u00bbzoom\u00bb animation_intensity_zoom=\u00bb10%\u00bb border_radii=\u00bbon|10px|10px|10px|10px\u00bb box_shadow_style=\u00bbpreset1&#8243; box_shadow_vertical=\u00bb10px\u00bb box_shadow_blur=\u00bb60px\u00bb box_shadow_color=\u00bbrgba(128,141,120,0.3)\u00bb]<\/p>\n<p>Nuestros clientes encontrar\u00e1n en ADL el socio preferido que les guiar\u00e1 a trav\u00e9s de un proceso operativo eficiente para llevar su procedimiento biotecnol\u00f3gico desde el laboratorio hasta la fase de escala comercial, de forma viable y sostenible. Con una capacidad de escalado de fermentaci\u00f3n de 50 a 225 m<span class=\"superindice\">3<\/span>, junto con una instalaci\u00f3n DSP totalmente dedicada.<\/p>\n<p>[\/et_pb_text][\/et_pb_column][\/et_pb_row][\/et_pb_section]<\/p>\n","protected":false},"excerpt":{"rendered":"<p>Desarrollo e Innovaci\u00f3n (D + i)ADL cuenta con un amplio know-how en el desarrollo de procesos y escalado de nuevas biotecnolog\u00edas sostenibles para m\u00faltiples mercados y sectores industriales destinados a proporcionar bienestar a la sociedad (Alimentaci\u00f3n, Aromas y Fragancias, Mol\u00e9culas Funcionales, Cuidado Personal y otros). Los procesos de D+i en ADL BioPharma tiene lugar primordialmente [&hellip;]<\/p>\n","protected":false},"author":5,"featured_media":0,"parent":0,"menu_order":0,"comment_status":"closed","ping_status":"closed","template":"","meta":{"_et_pb_use_builder":"on","_et_pb_old_content":"","_et_gb_content_width":"","footnotes":""},"class_list":["post-2265","page","type-page","status-publish","hentry"],"yoast_head":"<!-- This site is optimized with the Yoast SEO plugin v25.6 - https:\/\/yoast.com\/wordpress\/plugins\/seo\/ -->\n<title>Desarrollo e Innovaci\u00f3n (D + i) - ADL Biopharma<\/title>\n<meta name=\"robots\" content=\"index, follow, max-snippet:-1, max-image-preview:large, max-video-preview:-1\" \/>\n<link rel=\"canonical\" href=\"https:\/\/adlbiopharma.com\/es\/desarrollo-e-innovacion-d-i\/\" \/>\n<meta property=\"og:locale\" content=\"es_ES\" \/>\n<meta property=\"og:type\" content=\"article\" \/>\n<meta property=\"og:title\" content=\"Desarrollo e Innovaci\u00f3n (D + i) - ADL Biopharma\" \/>\n<meta property=\"og:description\" content=\"Desarrollo e Innovaci\u00f3n (D + i)ADL cuenta con un amplio know-how en el desarrollo de procesos y escalado de nuevas biotecnolog\u00edas sostenibles para m\u00faltiples mercados y sectores industriales destinados a proporcionar bienestar a la sociedad (Alimentaci\u00f3n, Aromas y Fragancias, Mol\u00e9culas Funcionales, Cuidado Personal y otros). Los procesos de D+i en ADL BioPharma tiene lugar primordialmente [&hellip;]\" \/>\n<meta property=\"og:url\" content=\"https:\/\/adlbiopharma.com\/es\/desarrollo-e-innovacion-d-i\/\" \/>\n<meta property=\"og:site_name\" content=\"ADL Biopharma\" \/>\n<meta property=\"article:modified_time\" content=\"2021-10-22T09:55:40+00:00\" \/>\n<meta name=\"twitter:card\" content=\"summary_large_image\" \/>\n<meta name=\"twitter:label1\" content=\"Tiempo de lectura\" \/>\n\t<meta name=\"twitter:data1\" content=\"3 minutos\" \/>\n<script type=\"application\/ld+json\" class=\"yoast-schema-graph\">{\"@context\":\"https:\/\/schema.org\",\"@graph\":[{\"@type\":\"WebPage\",\"@id\":\"https:\/\/adlbiopharma.com\/es\/desarrollo-e-innovacion-d-i\/\",\"url\":\"https:\/\/adlbiopharma.com\/es\/desarrollo-e-innovacion-d-i\/\",\"name\":\"Desarrollo e Innovaci\u00f3n (D + i) - ADL Biopharma\",\"isPartOf\":{\"@id\":\"https:\/\/adlbiopharma.com\/#website\"},\"datePublished\":\"2021-07-22T13:11:50+00:00\",\"dateModified\":\"2021-10-22T09:55:40+00:00\",\"breadcrumb\":{\"@id\":\"https:\/\/adlbiopharma.com\/es\/desarrollo-e-innovacion-d-i\/#breadcrumb\"},\"inLanguage\":\"es\",\"potentialAction\":[{\"@type\":\"ReadAction\",\"target\":[\"https:\/\/adlbiopharma.com\/es\/desarrollo-e-innovacion-d-i\/\"]}]},{\"@type\":\"BreadcrumbList\",\"@id\":\"https:\/\/adlbiopharma.com\/es\/desarrollo-e-innovacion-d-i\/#breadcrumb\",\"itemListElement\":[{\"@type\":\"ListItem\",\"position\":1,\"name\":\"Home\",\"item\":\"https:\/\/adlbiopharma.com\/es\/\"},{\"@type\":\"ListItem\",\"position\":2,\"name\":\"Desarrollo e Innovaci\u00f3n (D + i)\"}]},{\"@type\":\"WebSite\",\"@id\":\"https:\/\/adlbiopharma.com\/#website\",\"url\":\"https:\/\/adlbiopharma.com\/\",\"name\":\"ADL Biopharma\",\"description\":\"Antibi\u00f3ticos de Le\u00f3n\",\"potentialAction\":[{\"@type\":\"SearchAction\",\"target\":{\"@type\":\"EntryPoint\",\"urlTemplate\":\"https:\/\/adlbiopharma.com\/?s={search_term_string}\"},\"query-input\":{\"@type\":\"PropertyValueSpecification\",\"valueRequired\":true,\"valueName\":\"search_term_string\"}}],\"inLanguage\":\"es\"}]}<\/script>\n<!-- \/ Yoast SEO plugin. -->","yoast_head_json":{"title":"Desarrollo e Innovaci\u00f3n (D + i) - ADL Biopharma","robots":{"index":"index","follow":"follow","max-snippet":"max-snippet:-1","max-image-preview":"max-image-preview:large","max-video-preview":"max-video-preview:-1"},"canonical":"https:\/\/adlbiopharma.com\/es\/desarrollo-e-innovacion-d-i\/","og_locale":"es_ES","og_type":"article","og_title":"Desarrollo e Innovaci\u00f3n (D + i) - ADL Biopharma","og_description":"Desarrollo e Innovaci\u00f3n (D + i)ADL cuenta con un amplio know-how en el desarrollo de procesos y escalado de nuevas biotecnolog\u00edas sostenibles para m\u00faltiples mercados y sectores industriales destinados a proporcionar bienestar a la sociedad (Alimentaci\u00f3n, Aromas y Fragancias, Mol\u00e9culas Funcionales, Cuidado Personal y otros). Los procesos de D+i en ADL BioPharma tiene lugar primordialmente [&hellip;]","og_url":"https:\/\/adlbiopharma.com\/es\/desarrollo-e-innovacion-d-i\/","og_site_name":"ADL Biopharma","article_modified_time":"2021-10-22T09:55:40+00:00","twitter_card":"summary_large_image","twitter_misc":{"Tiempo de lectura":"3 minutos"},"schema":{"@context":"https:\/\/schema.org","@graph":[{"@type":"WebPage","@id":"https:\/\/adlbiopharma.com\/es\/desarrollo-e-innovacion-d-i\/","url":"https:\/\/adlbiopharma.com\/es\/desarrollo-e-innovacion-d-i\/","name":"Desarrollo e Innovaci\u00f3n (D + i) - ADL Biopharma","isPartOf":{"@id":"https:\/\/adlbiopharma.com\/#website"},"datePublished":"2021-07-22T13:11:50+00:00","dateModified":"2021-10-22T09:55:40+00:00","breadcrumb":{"@id":"https:\/\/adlbiopharma.com\/es\/desarrollo-e-innovacion-d-i\/#breadcrumb"},"inLanguage":"es","potentialAction":[{"@type":"ReadAction","target":["https:\/\/adlbiopharma.com\/es\/desarrollo-e-innovacion-d-i\/"]}]},{"@type":"BreadcrumbList","@id":"https:\/\/adlbiopharma.com\/es\/desarrollo-e-innovacion-d-i\/#breadcrumb","itemListElement":[{"@type":"ListItem","position":1,"name":"Home","item":"https:\/\/adlbiopharma.com\/es\/"},{"@type":"ListItem","position":2,"name":"Desarrollo e Innovaci\u00f3n (D + i)"}]},{"@type":"WebSite","@id":"https:\/\/adlbiopharma.com\/#website","url":"https:\/\/adlbiopharma.com\/","name":"ADL Biopharma","description":"Antibi\u00f3ticos de Le\u00f3n","potentialAction":[{"@type":"SearchAction","target":{"@type":"EntryPoint","urlTemplate":"https:\/\/adlbiopharma.com\/?s={search_term_string}"},"query-input":{"@type":"PropertyValueSpecification","valueRequired":true,"valueName":"search_term_string"}}],"inLanguage":"es"}]}},"_links":{"self":[{"href":"https:\/\/adlbiopharma.com\/es\/wp-json\/wp\/v2\/pages\/2265","targetHints":{"allow":["GET"]}}],"collection":[{"href":"https:\/\/adlbiopharma.com\/es\/wp-json\/wp\/v2\/pages"}],"about":[{"href":"https:\/\/adlbiopharma.com\/es\/wp-json\/wp\/v2\/types\/page"}],"author":[{"embeddable":true,"href":"https:\/\/adlbiopharma.com\/es\/wp-json\/wp\/v2\/users\/5"}],"replies":[{"embeddable":true,"href":"https:\/\/adlbiopharma.com\/es\/wp-json\/wp\/v2\/comments?post=2265"}],"version-history":[{"count":5,"href":"https:\/\/adlbiopharma.com\/es\/wp-json\/wp\/v2\/pages\/2265\/revisions"}],"predecessor-version":[{"id":2464,"href":"https:\/\/adlbiopharma.com\/es\/wp-json\/wp\/v2\/pages\/2265\/revisions\/2464"}],"wp:attachment":[{"href":"https:\/\/adlbiopharma.com\/es\/wp-json\/wp\/v2\/media?parent=2265"}],"curies":[{"name":"wp","href":"https:\/\/api.w.org\/{rel}","templated":true}]}}